{"id":91,"date":"2018-09-10T04:39:15","date_gmt":"2018-09-10T04:39:15","guid":{"rendered":"https:\/\/dapi.com.pl\/_gfx\/?page_id=91"},"modified":"2018-09-10T04:39:15","modified_gmt":"2018-09-10T04:39:15","slug":"wizja-rozwoju","status":"publish","type":"page","link":"https:\/\/dapi.com.pl\/en\/wizja-rozwoju\/","title":{"rendered":"Wizja Rozwoju"},"content":{"rendered":"","protected":false},"excerpt":{"rendered":"","protected":false},"author":1,"featured_media":0,"parent":0,"menu_order":0,"comment_status":"closed","ping_status":"closed","template":"","meta":{"_et_pb_use_builder":"","_et_pb_old_content":"","_et_gb_content_width":"","footnotes":""},"class_list":["post-91","page","type-page","status-publish","hentry"],"yoast_head":"<!-- This site is optimized with the Yoast SEO plugin v25.7 - https:\/\/yoast.com\/wordpress\/plugins\/seo\/ -->\n<title>Wizja Rozwoju - Dapi | Euroglass<\/title>\n<meta name=\"robots\" content=\"index, follow, max-snippet:-1, max-image-preview:large, max-video-preview:-1\" \/>\n<link rel=\"canonical\" href=\"https:\/\/dapi.com.pl\/en\/wizja-rozwoju\/\" \/>\n<meta property=\"og:locale\" content=\"en_US\" \/>\n<meta property=\"og:type\" content=\"article\" \/>\n<meta property=\"og:title\" content=\"Wizja Rozwoju - Dapi | Euroglass\" \/>\n<meta property=\"og:url\" content=\"https:\/\/dapi.com.pl\/en\/wizja-rozwoju\/\" \/>\n<meta property=\"og:site_name\" content=\"Dapi | Euroglass\" \/>\n<meta name=\"twitter:card\" content=\"summary_large_image\" \/>\n<script type=\"application\/ld+json\" class=\"yoast-schema-graph\">{\"@context\":\"https:\/\/schema.org\",\"@graph\":[{\"@type\":\"WebPage\",\"@id\":\"https:\/\/dapi.com.pl\/wizja-rozwoju\/\",\"url\":\"https:\/\/dapi.com.pl\/wizja-rozwoju\/\",\"name\":\"Wizja Rozwoju - Dapi | Euroglass\",\"isPartOf\":{\"@id\":\"http:\/\/dapi.com.pl\/#website\"},\"datePublished\":\"2018-09-10T04:39:15+00:00\",\"breadcrumb\":{\"@id\":\"https:\/\/dapi.com.pl\/wizja-rozwoju\/#breadcrumb\"},\"inLanguage\":\"en-US\",\"potentialAction\":[{\"@type\":\"ReadAction\",\"target\":[\"https:\/\/dapi.com.pl\/wizja-rozwoju\/\"]}]},{\"@type\":\"BreadcrumbList\",\"@id\":\"https:\/\/dapi.com.pl\/wizja-rozwoju\/#breadcrumb\",\"itemListElement\":[{\"@type\":\"ListItem\",\"position\":1,\"name\":\"Home\",\"item\":\"http:\/\/dapi.com.pl\/\"},{\"@type\":\"ListItem\",\"position\":2,\"name\":\"Wizja Rozwoju\"}]},{\"@type\":\"WebSite\",\"@id\":\"http:\/\/dapi.com.pl\/#website\",\"url\":\"http:\/\/dapi.com.pl\/\",\"name\":\"Dapi | Euroglass\",\"description\":\"Przetw\u00f3rstwo tworzyw sztucznych oraz metali \u017celaznych i nie \u017celaznych\",\"potentialAction\":[{\"@type\":\"SearchAction\",\"target\":{\"@type\":\"EntryPoint\",\"urlTemplate\":\"http:\/\/dapi.com.pl\/?s={search_term_string}\"},\"query-input\":{\"@type\":\"PropertyValueSpecification\",\"valueRequired\":true,\"valueName\":\"search_term_string\"}}],\"inLanguage\":\"en-US\"}]}<\/script>\n<!-- \/ Yoast SEO plugin. -->","yoast_head_json":{"title":"Wizja Rozwoju - Dapi | Euroglass","robots":{"index":"index","follow":"follow","max-snippet":"max-snippet:-1","max-image-preview":"max-image-preview:large","max-video-preview":"max-video-preview:-1"},"canonical":"https:\/\/dapi.com.pl\/en\/wizja-rozwoju\/","og_locale":"en_US","og_type":"article","og_title":"Wizja Rozwoju - Dapi | Euroglass","og_url":"https:\/\/dapi.com.pl\/en\/wizja-rozwoju\/","og_site_name":"Dapi | Euroglass","twitter_card":"summary_large_image","schema":{"@context":"https:\/\/schema.org","@graph":[{"@type":"WebPage","@id":"https:\/\/dapi.com.pl\/wizja-rozwoju\/","url":"https:\/\/dapi.com.pl\/wizja-rozwoju\/","name":"Wizja Rozwoju - Dapi | Euroglass","isPartOf":{"@id":"http:\/\/dapi.com.pl\/#website"},"datePublished":"2018-09-10T04:39:15+00:00","breadcrumb":{"@id":"https:\/\/dapi.com.pl\/wizja-rozwoju\/#breadcrumb"},"inLanguage":"en-US","potentialAction":[{"@type":"ReadAction","target":["https:\/\/dapi.com.pl\/wizja-rozwoju\/"]}]},{"@type":"BreadcrumbList","@id":"https:\/\/dapi.com.pl\/wizja-rozwoju\/#breadcrumb","itemListElement":[{"@type":"ListItem","position":1,"name":"Home","item":"http:\/\/dapi.com.pl\/"},{"@type":"ListItem","position":2,"name":"Wizja Rozwoju"}]},{"@type":"WebSite","@id":"http:\/\/dapi.com.pl\/#website","url":"http:\/\/dapi.com.pl\/","name":"Dapi | Euroglass","description":"Przetw\u00f3rstwo tworzyw sztucznych oraz metali \u017celaznych i nie \u017celaznych","potentialAction":[{"@type":"SearchAction","target":{"@type":"EntryPoint","urlTemplate":"http:\/\/dapi.com.pl\/?s={search_term_string}"},"query-input":{"@type":"PropertyValueSpecification","valueRequired":true,"valueName":"search_term_string"}}],"inLanguage":"en-US"}]}},"jetpack_sharing_enabled":true,"_links":{"self":[{"href":"https:\/\/dapi.com.pl\/en\/wp-json\/wp\/v2\/pages\/91","targetHints":{"allow":["GET"]}}],"collection":[{"href":"https:\/\/dapi.com.pl\/en\/wp-json\/wp\/v2\/pages"}],"about":[{"href":"https:\/\/dapi.com.pl\/en\/wp-json\/wp\/v2\/types\/page"}],"author":[{"embeddable":true,"href":"https:\/\/dapi.com.pl\/en\/wp-json\/wp\/v2\/users\/1"}],"replies":[{"embeddable":true,"href":"https:\/\/dapi.com.pl\/en\/wp-json\/wp\/v2\/comments?post=91"}],"version-history":[{"count":0,"href":"https:\/\/dapi.com.pl\/en\/wp-json\/wp\/v2\/pages\/91\/revisions"}],"wp:attachment":[{"href":"https:\/\/dapi.com.pl\/en\/wp-json\/wp\/v2\/media?parent=91"}],"curies":[{"name":"wp","href":"https:\/\/api.w.org\/{rel}","templated":true}]}}