{"id":89,"date":"2018-09-10T04:38:55","date_gmt":"2018-09-10T04:38:55","guid":{"rendered":"https:\/\/dapi.com.pl\/_gfx\/?page_id=89"},"modified":"2024-07-08T16:13:01","modified_gmt":"2024-07-08T16:13:01","slug":"galeria","status":"publish","type":"page","link":"https:\/\/dapi.com.pl\/en\/galeria\/","title":{"rendered":"Gallery"},"content":{"rendered":"<p>[et_pb_section fb_built=&#8221;1&#8243; fullwidth=&#8221;on&#8221; admin_label=&#8221;Header Section&#8221; _builder_version=&#8221;4.16&#8243; use_background_color_gradient=&#8221;on&#8221; background_color_gradient_direction=&#8221;175deg&#8221; background_color_gradient_stops=&#8221;#2b87da 30%|#7cda24 100%&#8221; background_color_gradient_overlays_image=&#8221;on&#8221; background_color_gradient_start_position=&#8221;30%&#8221; background_color_gradient_end=&#8221;#7cda24&#8243; custom_padding=&#8221;|||&#8221; top_divider_style=&#8221;slant&#8221; top_divider_color=&#8221;#ffffff&#8221; top_divider_height_tablet=&#8221;&#8221; top_divider_height_phone=&#8221;50px&#8221; top_divider_height_last_edited=&#8221;on|phone&#8221; bottom_divider_style=&#8221;slant&#8221; bottom_divider_color=&#8221;#ffffff&#8221; bottom_divider_height_tablet=&#8221;50px&#8221; bottom_divider_height_phone=&#8221;50px&#8221; bottom_divider_height_last_edited=&#8221;on|phone&#8221; locked=&#8221;off&#8221; global_colors_info=&#8221;{}&#8221;][et_pb_fullwidth_header title=&#8221;Galeria&#8221; text_orientation=&#8221;center&#8221; background_overlay_color=&#8221;rgba(0,0,0,0.4)&#8221; content_max_width_last_edited=&#8221;off|desktop&#8221; admin_label=&#8221;Contents&#8221; _builder_version=&#8221;4.16&#8243; title_font=&#8221;Oswald|||on|&#8221; title_text_align=&#8221;center&#8221; title_font_size=&#8221;80px&#8221; title_letter_spacing=&#8221;0.05em&#8221; title_line_height=&#8221;1.5em&#8221; subhead_font=&#8221;Nunito|600|||||||&#8221; subhead_font_size=&#8221;20px&#8221; subhead_line_height=&#8221;1.9em&#8221; background_color=&#8221;rgba(255,255,255,0)&#8221; parallax=&#8221;on&#8221; parallax_method=&#8221;on&#8221; custom_button_one=&#8221;on&#8221; button_one_text_size=&#8221;15px&#8221; button_one_bg_color=&#8221;#dca57d&#8221; button_one_border_width=&#8221;10px&#8221; button_one_border_color=&#8221;#dca57d&#8221; button_one_border_radius=&#8221;0px&#8221; button_one_letter_spacing=&#8221;3px&#8221; button_one_font=&#8221;Oswald|||on|&#8221; button_one_use_icon=&#8221;off&#8221; custom_margin=&#8221;|||&#8221; custom_padding=&#8221;5%||5%|&#8221; animation_style=&#8221;fade&#8221; animation_starting_opacity=&#8221;50%&#8221; animation_speed_curve=&#8221;ease-in&#8221; title_font_size_tablet=&#8221;60px&#8221; title_font_size_phone=&#8221;40px&#8221; title_font_size_last_edited=&#8221;on|phone&#8221; button_one_border_color_hover=&#8221;#c99872&#8243; button_one_border_radius_hover=&#8221;0px&#8221; button_one_letter_spacing_hover=&#8221;3px&#8221; button_one_bg_color_hover=&#8221;#c99872&#8243; global_colors_info=&#8221;{}&#8221; button_one_text_size__hover_enabled=&#8221;off&#8221; button_two_text_size__hover_enabled=&#8221;off&#8221; button_one_text_color__hover_enabled=&#8221;off&#8221; button_two_text_color__hover_enabled=&#8221;off&#8221; button_one_border_width__hover_enabled=&#8221;off&#8221; button_two_border_width__hover_enabled=&#8221;off&#8221; button_one_border_color__hover_enabled=&#8221;on&#8221; button_one_border_color__hover=&#8221;#c99872&#8243; button_two_border_color__hover_enabled=&#8221;off&#8221; button_one_border_radius__hover_enabled=&#8221;on&#8221; button_one_border_radius__hover=&#8221;0px&#8221; button_two_border_radius__hover_enabled=&#8221;off&#8221; button_one_letter_spacing__hover_enabled=&#8221;on&#8221; button_one_letter_spacing__hover=&#8221;3px&#8221; button_two_letter_spacing__hover_enabled=&#8221;off&#8221; button_one_bg_color__hover_enabled=&#8221;on&#8221; button_one_bg_color__hover=&#8221;#c99872&#8243; button_two_bg_color__hover_enabled=&#8221;off&#8221;][\/et_pb_fullwidth_header][\/et_pb_section][et_pb_section fb_built=&#8221;1&#8243; admin_label=&#8221;Features&#8221; _builder_version=&#8221;4.16&#8243; background_color=&#8221;#ffffff&#8221; custom_padding=&#8221;100px|0px|100px|0px|false|false&#8221; global_colors_info=&#8221;{}&#8221;][et_pb_row _builder_version=&#8221;4.16&#8243; max_width=&#8221;80%&#8221; module_alignment=&#8221;center&#8221; custom_padding=&#8221;0|0px|0|0px|false|false&#8221; use_custom_width=&#8221;on&#8221; width_unit=&#8221;off&#8221; global_colors_info=&#8221;{}&#8221;][et_pb_column type=&#8221;4_4&#8243; _builder_version=&#8221;4.16&#8243; custom_padding=&#8221;|||&#8221; global_colors_info=&#8221;{}&#8221; custom_padding__hover=&#8221;|||&#8221;][et_pb_text _builder_version=&#8221;4.16&#8243; text_font=&#8221;||||||||&#8221; header_font=&#8221;Oswald||||||||&#8221; header_font_size=&#8221;34px&#8221; header_2_font=&#8221;Oswald|||on|||||&#8221; header_2_font_size=&#8221;36px&#8221; global_colors_info=&#8221;{}&#8221;]<\/p>\n<h2 style=\"text-align: center;\">Plastics<\/h2>\n<p>[\/et_pb_text][et_pb_gallery gallery_ids=&#8221;650,649,648,647,646,645,644,643&#8243; posts_number=&#8221;30&#8243; show_title_and_caption=&#8221;off&#8221; show_pagination=&#8221;off&#8221; zoom_icon_color=&#8221;rgba(46,163,242,0)&#8221; hover_overlay_color=&#8221;rgba(255,255,255,0.58)&#8221; _builder_version=&#8221;4.16&#8243; module_alignment=&#8221;center&#8221; custom_margin=&#8221;|0px||0px&#8221; custom_padding=&#8221;|0px||0px&#8221; border_color_all_image=&#8221;rgba(0,0,0,0)&#8221; global_colors_info=&#8221;{}&#8221;][\/et_pb_gallery][et_pb_text _builder_version=&#8221;4.16&#8243; text_font=&#8221;||||||||&#8221; header_font=&#8221;Oswald||||||||&#8221; header_2_font=&#8221;Oswald|||on|||||&#8221; header_2_font_size=&#8221;36px&#8221; global_colors_info=&#8221;{}&#8221;]<\/p>\n<h2 style=\"text-align: center;\">Metals<\/h2>\n<p>[\/et_pb_text][et_pb_gallery gallery_ids=&#8221;642,641,640,761,762,570,571,572&#8243; posts_number=&#8221;30&#8243; show_title_and_caption=&#8221;off&#8221; show_pagination=&#8221;off&#8221; zoom_icon_color=&#8221;rgba(46,163,242,0)&#8221; hover_overlay_color=&#8221;rgba(255,255,255,0.58)&#8221; _builder_version=&#8221;4.16&#8243; module_alignment=&#8221;center&#8221; custom_margin=&#8221;|0px||0px&#8221; custom_padding=&#8221;|0px||0px&#8221; border_color_all_image=&#8221;rgba(0,0,0,0)&#8221; global_colors_info=&#8221;{}&#8221;][\/et_pb_gallery][\/et_pb_column][\/et_pb_row][\/et_pb_section]<\/p>","protected":false},"excerpt":{"rendered":"<p>Tworzywa SztuczneMetale<\/p>","protected":false},"author":1,"featured_media":0,"parent":0,"menu_order":0,"comment_status":"closed","ping_status":"closed","template":"","meta":{"_et_pb_use_builder":"on","_et_pb_old_content":"","_et_gb_content_width":"","footnotes":""},"class_list":["post-89","page","type-page","status-publish","hentry"],"yoast_head":"<!-- This site is optimized with the Yoast SEO plugin v25.7 - https:\/\/yoast.com\/wordpress\/plugins\/seo\/ -->\n<title>Galeria - Dapi | Euroglass<\/title>\n<meta name=\"robots\" content=\"index, follow, max-snippet:-1, max-image-preview:large, max-video-preview:-1\" \/>\n<link rel=\"canonical\" href=\"http:\/\/dapi.com.pl\/en\/galeria\/\" \/>\n<meta property=\"og:locale\" content=\"en_US\" \/>\n<meta property=\"og:type\" content=\"article\" \/>\n<meta property=\"og:title\" content=\"Galeria - Dapi | Euroglass\" \/>\n<meta property=\"og:description\" content=\"Tworzywa SztuczneMetale\" \/>\n<meta property=\"og:url\" content=\"http:\/\/dapi.com.pl\/en\/galeria\/\" \/>\n<meta property=\"og:site_name\" content=\"Dapi | Euroglass\" \/>\n<meta property=\"article:modified_time\" content=\"2024-07-08T16:13:01+00:00\" \/>\n<meta name=\"twitter:card\" content=\"summary_large_image\" \/>\n<meta name=\"twitter:label1\" content=\"Est. reading time\" \/>\n\t<meta name=\"twitter:data1\" content=\"3 minutes\" \/>\n<script type=\"application\/ld+json\" class=\"yoast-schema-graph\">{\"@context\":\"https:\/\/schema.org\",\"@graph\":[{\"@type\":\"WebPage\",\"@id\":\"http:\/\/dapi.com.pl\/galeria\/\",\"url\":\"http:\/\/dapi.com.pl\/galeria\/\",\"name\":\"Galeria - Dapi | Euroglass\",\"isPartOf\":{\"@id\":\"http:\/\/dapi.com.pl\/#website\"},\"datePublished\":\"2018-09-10T04:38:55+00:00\",\"dateModified\":\"2024-07-08T16:13:01+00:00\",\"breadcrumb\":{\"@id\":\"http:\/\/dapi.com.pl\/galeria\/#breadcrumb\"},\"inLanguage\":\"en-US\",\"potentialAction\":[{\"@type\":\"ReadAction\",\"target\":[\"http:\/\/dapi.com.pl\/galeria\/\"]}]},{\"@type\":\"BreadcrumbList\",\"@id\":\"http:\/\/dapi.com.pl\/galeria\/#breadcrumb\",\"itemListElement\":[{\"@type\":\"ListItem\",\"position\":1,\"name\":\"Home\",\"item\":\"http:\/\/dapi.com.pl\/\"},{\"@type\":\"ListItem\",\"position\":2,\"name\":\"Galeria\"}]},{\"@type\":\"WebSite\",\"@id\":\"http:\/\/dapi.com.pl\/#website\",\"url\":\"http:\/\/dapi.com.pl\/\",\"name\":\"Dapi | Euroglass\",\"description\":\"Przetw\u00f3rstwo tworzyw sztucznych oraz metali \u017celaznych i nie \u017celaznych\",\"potentialAction\":[{\"@type\":\"SearchAction\",\"target\":{\"@type\":\"EntryPoint\",\"urlTemplate\":\"http:\/\/dapi.com.pl\/?s={search_term_string}\"},\"query-input\":{\"@type\":\"PropertyValueSpecification\",\"valueRequired\":true,\"valueName\":\"search_term_string\"}}],\"inLanguage\":\"en-US\"}]}<\/script>\n<!-- \/ Yoast SEO plugin. -->","yoast_head_json":{"title":"Galeria - Dapi | Euroglass","robots":{"index":"index","follow":"follow","max-snippet":"max-snippet:-1","max-image-preview":"max-image-preview:large","max-video-preview":"max-video-preview:-1"},"canonical":"http:\/\/dapi.com.pl\/en\/galeria\/","og_locale":"en_US","og_type":"article","og_title":"Galeria - Dapi | Euroglass","og_description":"Tworzywa SztuczneMetale","og_url":"http:\/\/dapi.com.pl\/en\/galeria\/","og_site_name":"Dapi | Euroglass","article_modified_time":"2024-07-08T16:13:01+00:00","twitter_card":"summary_large_image","twitter_misc":{"Est. reading time":"3 minutes"},"schema":{"@context":"https:\/\/schema.org","@graph":[{"@type":"WebPage","@id":"http:\/\/dapi.com.pl\/galeria\/","url":"http:\/\/dapi.com.pl\/galeria\/","name":"Galeria - Dapi | Euroglass","isPartOf":{"@id":"http:\/\/dapi.com.pl\/#website"},"datePublished":"2018-09-10T04:38:55+00:00","dateModified":"2024-07-08T16:13:01+00:00","breadcrumb":{"@id":"http:\/\/dapi.com.pl\/galeria\/#breadcrumb"},"inLanguage":"en-US","potentialAction":[{"@type":"ReadAction","target":["http:\/\/dapi.com.pl\/galeria\/"]}]},{"@type":"BreadcrumbList","@id":"http:\/\/dapi.com.pl\/galeria\/#breadcrumb","itemListElement":[{"@type":"ListItem","position":1,"name":"Home","item":"http:\/\/dapi.com.pl\/"},{"@type":"ListItem","position":2,"name":"Galeria"}]},{"@type":"WebSite","@id":"http:\/\/dapi.com.pl\/#website","url":"http:\/\/dapi.com.pl\/","name":"Dapi | Euroglass","description":"Przetw\u00f3rstwo tworzyw sztucznych oraz metali \u017celaznych i nie \u017celaznych","potentialAction":[{"@type":"SearchAction","target":{"@type":"EntryPoint","urlTemplate":"http:\/\/dapi.com.pl\/?s={search_term_string}"},"query-input":{"@type":"PropertyValueSpecification","valueRequired":true,"valueName":"search_term_string"}}],"inLanguage":"en-US"}]}},"jetpack_sharing_enabled":true,"_links":{"self":[{"href":"https:\/\/dapi.com.pl\/en\/wp-json\/wp\/v2\/pages\/89","targetHints":{"allow":["GET"]}}],"collection":[{"href":"https:\/\/dapi.com.pl\/en\/wp-json\/wp\/v2\/pages"}],"about":[{"href":"https:\/\/dapi.com.pl\/en\/wp-json\/wp\/v2\/types\/page"}],"author":[{"embeddable":true,"href":"https:\/\/dapi.com.pl\/en\/wp-json\/wp\/v2\/users\/1"}],"replies":[{"embeddable":true,"href":"https:\/\/dapi.com.pl\/en\/wp-json\/wp\/v2\/comments?post=89"}],"version-history":[{"count":0,"href":"https:\/\/dapi.com.pl\/en\/wp-json\/wp\/v2\/pages\/89\/revisions"}],"wp:attachment":[{"href":"https:\/\/dapi.com.pl\/en\/wp-json\/wp\/v2\/media?parent=89"}],"curies":[{"name":"wp","href":"https:\/\/api.w.org\/{rel}","templated":true}]}}