{"id":80,"date":"2018-09-10T04:37:45","date_gmt":"2018-09-10T04:37:45","guid":{"rendered":"https:\/\/dapi.com.pl\/_gfx\/?page_id=80"},"modified":"2025-08-19T10:09:40","modified_gmt":"2025-08-19T10:09:40","slug":"o-nas","status":"publish","type":"page","link":"https:\/\/dapi.com.pl\/en\/o-nas\/","title":{"rendered":"About us"},"content":{"rendered":"<p>[et_pb_section fb_built=&#8221;1&#8243; fullwidth=&#8221;on&#8221; prev_background_color=&#8221;#ffffff&#8221; next_background_color=&#8221;#ffffff&#8221; admin_label=&#8221;Header Section&#8221; _builder_version=&#8221;4.16&#8243; background_color=&#8221;#0c71c3&#8243; use_background_color_gradient=&#8221;on&#8221; background_color_gradient_direction=&#8221;175deg&#8221; background_color_gradient_stops=&#8221;#2b87da 30%|#7cda24 100%&#8221; background_color_gradient_start_position=&#8221;30%&#8221; background_color_gradient_end=&#8221;#7cda24&#8243; custom_padding=&#8221;|||&#8221; top_divider_style=&#8221;slant&#8221; top_divider_height_tablet=&#8221;50px&#8221; top_divider_height_phone=&#8221;50px&#8221; top_divider_height_last_edited=&#8221;on|phone&#8221; bottom_divider_style=&#8221;slant&#8221; bottom_divider_height_tablet=&#8221;50px&#8221; bottom_divider_height_phone=&#8221;50px&#8221; bottom_divider_height_last_edited=&#8221;on|tablet&#8221; locked=&#8221;off&#8221; global_colors_info=&#8221;{}&#8221;][et_pb_fullwidth_header title=&#8221;O nas&#8221; text_orientation=&#8221;center&#8221; background_overlay_color=&#8221;rgba(0,0,0,0.4)&#8221; content_max_width_last_edited=&#8221;off|desktop&#8221; admin_label=&#8221;Contents&#8221; _builder_version=&#8221;4.16&#8243; title_font=&#8221;Oswald|||on|&#8221; title_text_align=&#8221;center&#8221; title_font_size=&#8221;80px&#8221; title_letter_spacing=&#8221;0.05em&#8221; title_line_height=&#8221;1.5em&#8221; subhead_font=&#8221;Nunito|600|||||||&#8221; subhead_font_size=&#8221;20px&#8221; subhead_line_height=&#8221;1.9em&#8221; background_color=&#8221;rgba(255,255,255,0)&#8221; parallax=&#8221;on&#8221; parallax_method=&#8221;on&#8221; custom_button_one=&#8221;on&#8221; button_one_text_size=&#8221;15px&#8221; button_one_bg_color=&#8221;#dca57d&#8221; button_one_border_width=&#8221;10px&#8221; button_one_border_color=&#8221;#dca57d&#8221; button_one_border_radius=&#8221;0px&#8221; button_one_letter_spacing=&#8221;3px&#8221; button_one_font=&#8221;Oswald|||on|&#8221; button_one_use_icon=&#8221;off&#8221; custom_margin=&#8221;|||&#8221; custom_padding=&#8221;5%||5%|&#8221; animation_style=&#8221;fade&#8221; animation_starting_opacity=&#8221;50%&#8221; animation_speed_curve=&#8221;ease-in&#8221; title_font_size_tablet=&#8221;60px&#8221; title_font_size_phone=&#8221;40px&#8221; title_font_size_last_edited=&#8221;on|phone&#8221; button_one_border_color_hover=&#8221;#c99872&#8243; button_one_border_radius_hover=&#8221;0px&#8221; button_one_letter_spacing_hover=&#8221;3px&#8221; button_one_bg_color_hover=&#8221;#c99872&#8243; global_colors_info=&#8221;{}&#8221; button_one_text_size__hover_enabled=&#8221;off&#8221; button_two_text_size__hover_enabled=&#8221;off&#8221; button_one_text_color__hover_enabled=&#8221;off&#8221; button_two_text_color__hover_enabled=&#8221;off&#8221; button_one_border_width__hover_enabled=&#8221;off&#8221; button_two_border_width__hover_enabled=&#8221;off&#8221; button_one_border_color__hover_enabled=&#8221;on&#8221; button_one_border_color__hover=&#8221;#c99872&#8243; button_two_border_color__hover_enabled=&#8221;off&#8221; button_one_border_radius__hover_enabled=&#8221;on&#8221; button_one_border_radius__hover=&#8221;0px&#8221; button_two_border_radius__hover_enabled=&#8221;off&#8221; button_one_letter_spacing__hover_enabled=&#8221;on&#8221; button_one_letter_spacing__hover=&#8221;3px&#8221; button_two_letter_spacing__hover_enabled=&#8221;off&#8221; button_one_bg_color__hover_enabled=&#8221;on&#8221; button_one_bg_color__hover=&#8221;#c99872&#8243; button_two_bg_color__hover_enabled=&#8221;off&#8221;][\/et_pb_fullwidth_header][\/et_pb_section][et_pb_section fb_built=&#8221;1&#8243; admin_label=&#8221;Features&#8221; _builder_version=&#8221;4.16&#8243; custom_padding=&#8221;0|0px|165px|0px|false|false&#8221; global_colors_info=&#8221;{}&#8221;][et_pb_row admin_label=&#8221;Section Header&#8221; _builder_version=&#8221;4.16&#8243; custom_padding=&#8221;|||&#8221; global_colors_info=&#8221;{}&#8221;][et_pb_column type=&#8221;4_4&#8243; _builder_version=&#8221;4.16&#8243; custom_padding=&#8221;|||&#8221; global_colors_info=&#8221;{}&#8221; custom_padding__hover=&#8221;|||&#8221;][et_pb_text _builder_version=&#8221;4.16&#8243; text_font=&#8221;||||||||&#8221; text_text_color=&#8221;#000000&#8243; text_font_size=&#8221;17px&#8221; text_line_height=&#8221;2.7em&#8221; header_font=&#8221;||||||||&#8221; global_colors_info=&#8221;{}&#8221;]<\/p>\n<div>We are a family company with long standing experience. One of the most important tasks that our enterprise sets is processing of plastic, ferrous and non-ferrous metals.<\/div>\n<div>We are still improving our skills and we are introducing a number of innovations aiming at the improvement of the quality of production.<\/div>\n<div>We dearly wish to carry out the entrusted tasks promptly maintaining high standards of service.<\/div>\n<div>We cooperate with contractors among others, from: Poland, the Czech Republic, Slovakia, Germany and China.<\/div>\n<div>We guarantee an individual approach to the Client's needs and demands.<\/div>\n<div>We invite to long and fruitful cooperation.<\/div>\n<p>[\/et_pb_text][et_pb_button button_url=&#8221;https:\/\/dapi.com.pl\/\/index.php\/oferta\/&#8221; button_text=&#8221;Oferta&#8221; button_alignment=&#8221;left&#8221; _builder_version=&#8221;4.27.4&#8243; custom_button=&#8221;on&#8221; button_text_size=&#8221;15px&#8221; button_text_color=&#8221;#ffffff&#8221; button_bg_color=&#8221;#7ebec5&#8243; button_border_width=&#8221;6px&#8221; button_border_color=&#8221;#7ebec5&#8243; button_border_radius=&#8221;0px&#8221; button_letter_spacing=&#8221;3px&#8221; button_font=&#8221;Oswald|||on|&#8221; button_icon=&#8221;&#x24;||divi||400&#8243; custom_margin=&#8221;20px|||&#8221; hover_enabled=&#8221;0&#8243; button_border_color_hover=&#8221;#7ebec5&#8243; button_border_radius_hover=&#8221;0px&#8221; button_letter_spacing_hover=&#8221;3px&#8221; button_bg_color_hover=&#8221;#7ebec5&#8243; locked=&#8221;off&#8221; global_colors_info=&#8221;{}&#8221; button_text_size__hover_enabled=&#8221;off&#8221; button_one_text_size__hover_enabled=&#8221;off&#8221; button_two_text_size__hover_enabled=&#8221;off&#8221; button_text_color__hover_enabled=&#8221;off&#8221; button_one_text_color__hover_enabled=&#8221;off&#8221; button_two_text_color__hover_enabled=&#8221;off&#8221; button_border_width__hover_enabled=&#8221;off&#8221; button_one_border_width__hover_enabled=&#8221;off&#8221; button_two_border_width__hover_enabled=&#8221;off&#8221; button_border_color__hover_enabled=&#8221;on&#8221; button_border_color__hover=&#8221;#7ebec5&#8243; button_one_border_color__hover_enabled=&#8221;off&#8221; button_two_border_color__hover_enabled=&#8221;off&#8221; button_border_radius__hover_enabled=&#8221;on&#8221; button_border_radius__hover=&#8221;0px&#8221; button_one_border_radius__hover_enabled=&#8221;off&#8221; button_two_border_radius__hover_enabled=&#8221;off&#8221; button_letter_spacing__hover_enabled=&#8221;on&#8221; button_letter_spacing__hover=&#8221;3px&#8221; button_one_letter_spacing__hover_enabled=&#8221;off&#8221; button_two_letter_spacing__hover_enabled=&#8221;off&#8221; button_bg_color__hover_enabled=&#8221;on&#8221; button_bg_color__hover=&#8221;#7ebec5&#8243; button_one_bg_color__hover_enabled=&#8221;off&#8221; button_two_bg_color__hover_enabled=&#8221;off&#8221; sticky_enabled=&#8221;0&#8243;][\/et_pb_button][\/et_pb_column][\/et_pb_row][\/et_pb_section]<\/p>","protected":false},"excerpt":{"rendered":"<p>Jeste\u015bmy firm\u0105 rodzinn\u0105 z wieloletnim do\u015bwiadczeniem. Jednym z najwa\u017cniejszych zada\u0144, jakie stawia sobie nasze przedsi\u0119biorstwo, jest przetw\u00f3rstwo tworzyw sztucznych, metali \u017celaznych i nie\u017celaznych. Ci\u0105gle doskonalimy nasze umiej\u0119tno\u015bci oraz wprowadzamy szereg innowacji, maj\u0105c na celu podniesienie jako\u015bci produkcji. Pragniemy powierzone zadania realizowa\u0107 terminowo z zachowaniem wysokich standard\u00f3w us\u0142ug. Wsp\u00f3\u0142pracujemy z kontrahentami m.in. z Polski, Czech, S\u0142owacji, [&hellip;]<\/p>","protected":false},"author":1,"featured_media":0,"parent":0,"menu_order":0,"comment_status":"closed","ping_status":"closed","template":"","meta":{"_et_pb_use_builder":"on","_et_pb_old_content":"","_et_gb_content_width":"","footnotes":""},"class_list":["post-80","page","type-page","status-publish","hentry"],"yoast_head":"<!-- This site is optimized with the Yoast SEO plugin v25.7 - https:\/\/yoast.com\/wordpress\/plugins\/seo\/ -->\n<title>O nas - Dapi | Euroglass<\/title>\n<meta name=\"robots\" content=\"index, follow, max-snippet:-1, max-image-preview:large, max-video-preview:-1\" \/>\n<link rel=\"canonical\" href=\"https:\/\/dapi.com.pl\/en\/o-nas\/\" \/>\n<meta property=\"og:locale\" content=\"en_US\" \/>\n<meta property=\"og:type\" content=\"article\" \/>\n<meta property=\"og:title\" content=\"O nas - Dapi | Euroglass\" \/>\n<meta property=\"og:description\" content=\"Jeste\u015bmy firm\u0105 rodzinn\u0105 z wieloletnim do\u015bwiadczeniem. Jednym z najwa\u017cniejszych zada\u0144, jakie stawia sobie nasze przedsi\u0119biorstwo, jest przetw\u00f3rstwo tworzyw sztucznych, metali \u017celaznych i nie\u017celaznych. Ci\u0105gle doskonalimy nasze umiej\u0119tno\u015bci oraz wprowadzamy szereg innowacji, maj\u0105c na celu podniesienie jako\u015bci produkcji. Pragniemy powierzone zadania realizowa\u0107 terminowo z zachowaniem wysokich standard\u00f3w us\u0142ug. Wsp\u00f3\u0142pracujemy z kontrahentami m.in. z Polski, Czech, S\u0142owacji, [&hellip;]\" \/>\n<meta property=\"og:url\" content=\"https:\/\/dapi.com.pl\/en\/o-nas\/\" \/>\n<meta property=\"og:site_name\" content=\"Dapi | Euroglass\" \/>\n<meta property=\"article:modified_time\" content=\"2025-08-19T10:09:40+00:00\" \/>\n<meta name=\"twitter:card\" content=\"summary_large_image\" \/>\n<meta name=\"twitter:label1\" content=\"Est. reading time\" \/>\n\t<meta name=\"twitter:data1\" content=\"4 minutes\" \/>\n<script type=\"application\/ld+json\" class=\"yoast-schema-graph\">{\"@context\":\"https:\/\/schema.org\",\"@graph\":[{\"@type\":\"WebPage\",\"@id\":\"https:\/\/dapi.com.pl\/o-nas\/\",\"url\":\"https:\/\/dapi.com.pl\/o-nas\/\",\"name\":\"O nas - Dapi | Euroglass\",\"isPartOf\":{\"@id\":\"http:\/\/dapi.com.pl\/#website\"},\"datePublished\":\"2018-09-10T04:37:45+00:00\",\"dateModified\":\"2025-08-19T10:09:40+00:00\",\"breadcrumb\":{\"@id\":\"https:\/\/dapi.com.pl\/o-nas\/#breadcrumb\"},\"inLanguage\":\"en-US\",\"potentialAction\":[{\"@type\":\"ReadAction\",\"target\":[\"https:\/\/dapi.com.pl\/o-nas\/\"]}]},{\"@type\":\"BreadcrumbList\",\"@id\":\"https:\/\/dapi.com.pl\/o-nas\/#breadcrumb\",\"itemListElement\":[{\"@type\":\"ListItem\",\"position\":1,\"name\":\"Home\",\"item\":\"http:\/\/dapi.com.pl\/\"},{\"@type\":\"ListItem\",\"position\":2,\"name\":\"O nas\"}]},{\"@type\":\"WebSite\",\"@id\":\"http:\/\/dapi.com.pl\/#website\",\"url\":\"http:\/\/dapi.com.pl\/\",\"name\":\"Dapi | Euroglass\",\"description\":\"Przetw\u00f3rstwo tworzyw sztucznych oraz metali \u017celaznych i nie \u017celaznych\",\"potentialAction\":[{\"@type\":\"SearchAction\",\"target\":{\"@type\":\"EntryPoint\",\"urlTemplate\":\"http:\/\/dapi.com.pl\/?s={search_term_string}\"},\"query-input\":{\"@type\":\"PropertyValueSpecification\",\"valueRequired\":true,\"valueName\":\"search_term_string\"}}],\"inLanguage\":\"en-US\"}]}<\/script>\n<!-- \/ Yoast SEO plugin. -->","yoast_head_json":{"title":"O nas - Dapi | Euroglass","robots":{"index":"index","follow":"follow","max-snippet":"max-snippet:-1","max-image-preview":"max-image-preview:large","max-video-preview":"max-video-preview:-1"},"canonical":"https:\/\/dapi.com.pl\/en\/o-nas\/","og_locale":"en_US","og_type":"article","og_title":"O nas - Dapi | Euroglass","og_description":"Jeste\u015bmy firm\u0105 rodzinn\u0105 z wieloletnim do\u015bwiadczeniem. Jednym z najwa\u017cniejszych zada\u0144, jakie stawia sobie nasze przedsi\u0119biorstwo, jest przetw\u00f3rstwo tworzyw sztucznych, metali \u017celaznych i nie\u017celaznych. Ci\u0105gle doskonalimy nasze umiej\u0119tno\u015bci oraz wprowadzamy szereg innowacji, maj\u0105c na celu podniesienie jako\u015bci produkcji. Pragniemy powierzone zadania realizowa\u0107 terminowo z zachowaniem wysokich standard\u00f3w us\u0142ug. Wsp\u00f3\u0142pracujemy z kontrahentami m.in. z Polski, Czech, S\u0142owacji, [&hellip;]","og_url":"https:\/\/dapi.com.pl\/en\/o-nas\/","og_site_name":"Dapi | Euroglass","article_modified_time":"2025-08-19T10:09:40+00:00","twitter_card":"summary_large_image","twitter_misc":{"Est. reading time":"4 minutes"},"schema":{"@context":"https:\/\/schema.org","@graph":[{"@type":"WebPage","@id":"https:\/\/dapi.com.pl\/o-nas\/","url":"https:\/\/dapi.com.pl\/o-nas\/","name":"O nas - Dapi | Euroglass","isPartOf":{"@id":"http:\/\/dapi.com.pl\/#website"},"datePublished":"2018-09-10T04:37:45+00:00","dateModified":"2025-08-19T10:09:40+00:00","breadcrumb":{"@id":"https:\/\/dapi.com.pl\/o-nas\/#breadcrumb"},"inLanguage":"en-US","potentialAction":[{"@type":"ReadAction","target":["https:\/\/dapi.com.pl\/o-nas\/"]}]},{"@type":"BreadcrumbList","@id":"https:\/\/dapi.com.pl\/o-nas\/#breadcrumb","itemListElement":[{"@type":"ListItem","position":1,"name":"Home","item":"http:\/\/dapi.com.pl\/"},{"@type":"ListItem","position":2,"name":"O nas"}]},{"@type":"WebSite","@id":"http:\/\/dapi.com.pl\/#website","url":"http:\/\/dapi.com.pl\/","name":"Dapi | Euroglass","description":"Przetw\u00f3rstwo tworzyw sztucznych oraz metali \u017celaznych i nie \u017celaznych","potentialAction":[{"@type":"SearchAction","target":{"@type":"EntryPoint","urlTemplate":"http:\/\/dapi.com.pl\/?s={search_term_string}"},"query-input":{"@type":"PropertyValueSpecification","valueRequired":true,"valueName":"search_term_string"}}],"inLanguage":"en-US"}]}},"jetpack_sharing_enabled":true,"_links":{"self":[{"href":"https:\/\/dapi.com.pl\/en\/wp-json\/wp\/v2\/pages\/80","targetHints":{"allow":["GET"]}}],"collection":[{"href":"https:\/\/dapi.com.pl\/en\/wp-json\/wp\/v2\/pages"}],"about":[{"href":"https:\/\/dapi.com.pl\/en\/wp-json\/wp\/v2\/types\/page"}],"author":[{"embeddable":true,"href":"https:\/\/dapi.com.pl\/en\/wp-json\/wp\/v2\/users\/1"}],"replies":[{"embeddable":true,"href":"https:\/\/dapi.com.pl\/en\/wp-json\/wp\/v2\/comments?post=80"}],"version-history":[{"count":0,"href":"https:\/\/dapi.com.pl\/en\/wp-json\/wp\/v2\/pages\/80\/revisions"}],"wp:attachment":[{"href":"https:\/\/dapi.com.pl\/en\/wp-json\/wp\/v2\/media?parent=80"}],"curies":[{"name":"wp","href":"https:\/\/api.w.org\/{rel}","templated":true}]}}